{"id":79,"date":"2025-06-27T00:58:11","date_gmt":"2025-06-27T03:58:11","guid":{"rendered":"https:\/\/agusmolinares.com.ar\/wp-23\/?page_id=79"},"modified":"2025-11-25T13:39:13","modified_gmt":"2025-11-25T16:39:13","slug":"contacto","status":"publish","type":"page","link":"https:\/\/agusmolinares.com.ar\/wp-23\/contacto\/","title":{"rendered":"Contacto"},"content":{"rendered":"\t\t<div data-elementor-type=\"wp-page\" data-elementor-id=\"79\" class=\"elementor elementor-79\" data-elementor-post-type=\"page\">\n\t\t\t\t<div class=\"elementor-element elementor-element-db95a4c e-flex e-con-boxed elementor-invisible e-con e-parent\" data-id=\"db95a4c\" data-element_type=\"container\" data-settings=\"{&quot;animation&quot;:&quot;fadeInLeft&quot;}\">\n\t\t\t\t\t<div class=\"e-con-inner\">\n\t\t\t\t<div class=\"elementor-element elementor-element-17d47ed elementor-widget elementor-widget-heading\" data-id=\"17d47ed\" data-element_type=\"widget\" data-widget_type=\"heading.default\">\n\t\t\t\t<div class=\"elementor-widget-container\">\n\t\t\t\t\t<h2 class=\"elementor-heading-title elementor-size-default\">Contacto<\/h2>\t\t\t\t<\/div>\n\t\t\t\t<\/div>\n\t\t\t\t\t<\/div>\n\t\t\t\t<\/div>\n\t\t<div class=\"elementor-element elementor-element-3a79fdf e-flex e-con-boxed elementor-invisible e-con e-parent\" data-id=\"3a79fdf\" data-element_type=\"container\" data-settings=\"{&quot;animation&quot;:&quot;fadeInLeft&quot;}\">\n\t\t\t\t\t<div class=\"e-con-inner\">\n\t\t\t\t<div class=\"elementor-element elementor-element-44cf03b elementor-widget elementor-widget-text-editor\" data-id=\"44cf03b\" data-element_type=\"widget\" data-widget_type=\"text-editor.default\">\n\t\t\t\t<div class=\"elementor-widget-container\">\n\t\t\t\t\t\t\t\t\t<h4><span style=\"color: #177d9f;\">Horario de atenci\u00f3n Direcci\u00f3n LKF:<br><\/span><span style=\"color: #515557;\"><span style=\"font-weight: normal;\">Martes de 9 a 15hs.<\/span><\/span><br><span style=\"font-weight: normal;\"><span style=\"color: #515557;\">Mi\u00e9rcoles de 15 a 17hs.<br><\/span><span style=\"color: #515557;\">Jueves de 9 a 14hs.<\/span><\/span><\/h4>\n<h4><span style=\"color: #177d9f;\">Contactos Equipo de Gesti\u00f3n:<br><\/span><span style=\"font-weight: normal;\"><span style=\"color: #515557;\">Director Acad\u00e9mico: Sergio.DeSanMartin@UAI.edu.ar<br><\/span><span style=\"color: #515557;\">Secretar\u00eda Acad\u00e9mica: MariaPilar.Gomez@UAI.edu.ar<br><\/span><span style=\"color: #515557;\">Secretar\u00eda Administrativa de la carrera: Maria.Zanazzi@UAI.edu.ar<\/span><\/span><\/h4>\n<h4><span style=\"color: rgb(23, 125, 159);\">Horario de atenci\u00f3n:<br><\/span><span style=\"font-weight: normal; color: rgb(81, 85, 87);\">Lunes a Viernes de 8 a 21 hs.<br>S\u00e1bados de 8 a 12 hs.<\/span><\/h4>\n<h4><span style=\"color: #177d9f;\">Administraci\u00f3n:<br><\/span><span style=\"font-weight: normal;\"><span style=\"color: #515557;\">AdministracionSedeRosario<\/span><span style=\"color: #515557;\">@UAI.edu.ar<\/span><\/span><\/h4>\n<h4><span style=\"color: #177d9f;\">Bedel\u00eda:<br><\/span><span style=\"font-weight: normal;\"><span style=\"color: #515557;\">BedeliaAlumnosRoca<\/span><span style=\"color: #515557;\">@UAI.edu.ar<\/span><\/span><\/h4>\n<h4><span style=\"color: #177d9f;\">Admisiones:<br><\/span><span style=\"font-weight: normal;\"><span style=\"color: #515557;\">AdmisionesRos<\/span><span style=\"color: #515557;\">@UAI.edu.ar<\/span><\/span><\/h4>\t\t\t\t\t\t\t\t<\/div>\n\t\t\t\t<\/div>\n\t\t\t\t\t<\/div>\n\t\t\t\t<\/div>\n\t\t\t\t<\/div>\n\t\t","protected":false},"excerpt":{"rendered":"<p>Contacto Horario de atenci\u00f3n Direcci\u00f3n LKF:Martes de 9 a 15hs.Mi\u00e9rcoles de 15 a 17hs.Jueves de 9 a 14hs. Contactos Equipo [&hellip;]<\/p>\n","protected":false},"author":2,"featured_media":0,"parent":0,"menu_order":0,"comment_status":"closed","ping_status":"closed","template":"","meta":{"site-sidebar-layout":"no-sidebar","site-content-layout":"","ast-site-content-layout":"full-width-container","site-content-style":"default","site-sidebar-style":"default","ast-global-header-display":"","ast-banner-title-visibility":"","ast-main-header-display":"","ast-hfb-above-header-display":"","ast-hfb-below-header-display":"","ast-hfb-mobile-header-display":"","site-post-title":"disabled","ast-breadcrumbs-content":"","ast-featured-img":"disabled","footer-sml-layout":"","theme-transparent-header-meta":"","adv-header-id-meta":"","stick-header-meta":"","header-above-stick-meta":"","header-main-stick-meta":"","header-below-stick-meta":"","astra-migrate-meta-layouts":"default","ast-page-background-enabled":"default","ast-page-background-meta":{"desktop":{"background-color":"var(--ast-global-color-5)","background-image":"","background-repeat":"repeat","background-position":"center center","background-size":"auto","background-attachment":"scroll","background-type":"","background-media":"","overlay-type":"","overlay-color":"","overlay-opacity":"","overlay-gradient":""},"tablet":{"background-color":"","background-image":"","background-repeat":"repeat","background-position":"center center","background-size":"auto","background-attachment":"scroll","background-type":"","background-media":"","overlay-type":"","overlay-color":"","overlay-opacity":"","overlay-gradient":""},"mobile":{"background-color":"","background-image":"","background-repeat":"repeat","background-position":"center center","background-size":"auto","background-attachment":"scroll","background-type":"","background-media":"","overlay-type":"","overlay-color":"","overlay-opacity":"","overlay-gradient":""}},"ast-content-background-meta":{"desktop":{"background-color":"var(--ast-global-color-4)","background-image":"","background-repeat":"repeat","background-position":"center center","background-size":"auto","background-attachment":"scroll","background-type":"","background-media":"","overlay-type":"","overlay-color":"","overlay-opacity":"","overlay-gradient":""},"tablet":{"background-color":"var(--ast-global-color-4)","background-image":"","background-repeat":"repeat","background-position":"center center","background-size":"auto","background-attachment":"scroll","background-type":"","background-media":"","overlay-type":"","overlay-color":"","overlay-opacity":"","overlay-gradient":""},"mobile":{"background-color":"var(--ast-global-color-4)","background-image":"","background-repeat":"repeat","background-position":"center center","background-size":"auto","background-attachment":"scroll","background-type":"","background-media":"","overlay-type":"","overlay-color":"","overlay-opacity":"","overlay-gradient":""}},"footnotes":""},"class_list":["post-79","page","type-page","status-publish","hentry"],"_links":{"self":[{"href":"https:\/\/agusmolinares.com.ar\/wp-23\/wp-json\/wp\/v2\/pages\/79","targetHints":{"allow":["GET"]}}],"collection":[{"href":"https:\/\/agusmolinares.com.ar\/wp-23\/wp-json\/wp\/v2\/pages"}],"about":[{"href":"https:\/\/agusmolinares.com.ar\/wp-23\/wp-json\/wp\/v2\/types\/page"}],"author":[{"embeddable":true,"href":"https:\/\/agusmolinares.com.ar\/wp-23\/wp-json\/wp\/v2\/users\/2"}],"replies":[{"embeddable":true,"href":"https:\/\/agusmolinares.com.ar\/wp-23\/wp-json\/wp\/v2\/comments?post=79"}],"version-history":[{"count":146,"href":"https:\/\/agusmolinares.com.ar\/wp-23\/wp-json\/wp\/v2\/pages\/79\/revisions"}],"predecessor-version":[{"id":3145,"href":"https:\/\/agusmolinares.com.ar\/wp-23\/wp-json\/wp\/v2\/pages\/79\/revisions\/3145"}],"wp:attachment":[{"href":"https:\/\/agusmolinares.com.ar\/wp-23\/wp-json\/wp\/v2\/media?parent=79"}],"curies":[{"name":"wp","href":"https:\/\/api.w.org\/{rel}","templated":true}]}}