{"id":77,"date":"2025-06-27T00:58:11","date_gmt":"2025-06-27T03:58:11","guid":{"rendered":"https:\/\/agusmolinares.com.ar\/wp-23\/?page_id=77"},"modified":"2025-11-25T12:50:13","modified_gmt":"2025-11-25T15:50:13","slug":"articulos","status":"publish","type":"page","link":"https:\/\/agusmolinares.com.ar\/wp-23\/articulos\/","title":{"rendered":"Art\u00edculos"},"content":{"rendered":"\t\t<div data-elementor-type=\"wp-page\" data-elementor-id=\"77\" class=\"elementor elementor-77\" data-elementor-post-type=\"page\">\n\t\t\t\t<div class=\"elementor-element elementor-element-c503841 e-flex e-con-boxed elementor-invisible e-con e-parent\" data-id=\"c503841\" data-element_type=\"container\" data-settings=\"{&quot;background_background&quot;:&quot;slideshow&quot;,&quot;background_slideshow_gallery&quot;:[{&quot;id&quot;:908,&quot;url&quot;:&quot;https:\\\/\\\/agusmolinares.com.ar\\\/wp-23\\\/wp-content\\\/uploads\\\/2025\\\/07\\\/mujer-de-tiro-completo-en-terapia-de-rehabilitacion-scaled.jpg&quot;}],&quot;animation&quot;:&quot;fadeInDown&quot;,&quot;background_slideshow_loop&quot;:&quot;yes&quot;,&quot;background_slideshow_slide_duration&quot;:5000,&quot;background_slideshow_slide_transition&quot;:&quot;fade&quot;,&quot;background_slideshow_transition_duration&quot;:500}\">\n\t\t\t\t\t<div class=\"e-con-inner\">\n\t\t\t\t<div class=\"elementor-element elementor-element-2768cc6 elementor-widget elementor-widget-heading\" data-id=\"2768cc6\" data-element_type=\"widget\" data-widget_type=\"heading.default\">\n\t\t\t\t<div class=\"elementor-widget-container\">\n\t\t\t\t\t<h1 class=\"elementor-heading-title elementor-size-default\">Art\u00edculos<\/h1>\t\t\t\t<\/div>\n\t\t\t\t<\/div>\n\t\t\t\t\t<\/div>\n\t\t\t\t<\/div>\n\t\t<div class=\"elementor-element elementor-element-0451568 e-grid e-con-boxed e-con e-parent\" data-id=\"0451568\" data-element_type=\"container\">\n\t\t\t\t\t<div class=\"e-con-inner\">\n\t\t\t\t<div class=\"elementor-element elementor-element-6ff01c4 elementor-position-top elementor-invisible elementor-widget elementor-widget-image-box\" data-id=\"6ff01c4\" data-element_type=\"widget\" data-settings=\"{&quot;_animation&quot;:&quot;fadeIn&quot;}\" data-widget_type=\"image-box.default\">\n\t\t\t\t<div class=\"elementor-widget-container\">\n\t\t\t\t\t<div class=\"elementor-image-box-wrapper\"><figure class=\"elementor-image-box-img\"><a href=\"https:\/\/agusmolinares.com.ar\/wp-23\/wp-content\/uploads\/2025\/11\/Trabajo-de-investigacion-1.pdf\" target=\"_blank\" tabindex=\"-1\"><img fetchpriority=\"high\" decoding=\"async\" width=\"2560\" height=\"1707\" src=\"https:\/\/agusmolinares.com.ar\/wp-23\/wp-content\/uploads\/2025\/11\/chica-en-uniforme-deportivo-rojo-practicando-yoga-en-casa-scaled.jpg\" class=\"attachment-full size-full wp-image-2690\" alt=\"Relevancia cl\u00ednica del tratamiento combinado con ejercicio en pacientes con dolor lumbar cr\u00f3nico: un ensayo controlado aleatorizado.\" srcset=\"https:\/\/agusmolinares.com.ar\/wp-23\/wp-content\/uploads\/2025\/11\/chica-en-uniforme-deportivo-rojo-practicando-yoga-en-casa-scaled.jpg 2560w, https:\/\/agusmolinares.com.ar\/wp-23\/wp-content\/uploads\/2025\/11\/chica-en-uniforme-deportivo-rojo-practicando-yoga-en-casa-300x200.jpg 300w, https:\/\/agusmolinares.com.ar\/wp-23\/wp-content\/uploads\/2025\/11\/chica-en-uniforme-deportivo-rojo-practicando-yoga-en-casa-1024x683.jpg 1024w, https:\/\/agusmolinares.com.ar\/wp-23\/wp-content\/uploads\/2025\/11\/chica-en-uniforme-deportivo-rojo-practicando-yoga-en-casa-768x512.jpg 768w, https:\/\/agusmolinares.com.ar\/wp-23\/wp-content\/uploads\/2025\/11\/chica-en-uniforme-deportivo-rojo-practicando-yoga-en-casa-1536x1024.jpg 1536w, https:\/\/agusmolinares.com.ar\/wp-23\/wp-content\/uploads\/2025\/11\/chica-en-uniforme-deportivo-rojo-practicando-yoga-en-casa-2048x1365.jpg 2048w\" sizes=\"(max-width: 2560px) 100vw, 2560px\" \/><\/a><\/figure><div class=\"elementor-image-box-content\"><h3 class=\"elementor-image-box-title\"><a href=\"https:\/\/agusmolinares.com.ar\/wp-23\/wp-content\/uploads\/2025\/11\/Trabajo-de-investigacion-1.pdf\" target=\"_blank\">Relevancia cl\u00ednica del tratamiento combinado con ejercicio en pacientes con dolor lumbar cr\u00f3nico: un ensayo controlado aleatorizado<\/a><\/h3><\/div><\/div>\t\t\t\t<\/div>\n\t\t\t\t<\/div>\n\t\t\t\t\t<\/div>\n\t\t\t\t<\/div>\n\t\t\t\t<\/div>\n\t\t","protected":false},"excerpt":{"rendered":"<p>Art\u00edculos Relevancia cl\u00ednica del tratamiento combinado con ejercicio en pacientes con dolor lumbar cr\u00f3nico: un ensayo controlado aleatorizado<\/p>\n","protected":false},"author":2,"featured_media":0,"parent":0,"menu_order":0,"comment_status":"closed","ping_status":"closed","template":"","meta":{"site-sidebar-layout":"no-sidebar","site-content-layout":"","ast-site-content-layout":"full-width-container","site-content-style":"default","site-sidebar-style":"default","ast-global-header-display":"","ast-banner-title-visibility":"","ast-main-header-display":"","ast-hfb-above-header-display":"","ast-hfb-below-header-display":"","ast-hfb-mobile-header-display":"","site-post-title":"disabled","ast-breadcrumbs-content":"","ast-featured-img":"disabled","footer-sml-layout":"","theme-transparent-header-meta":"","adv-header-id-meta":"","stick-header-meta":"","header-above-stick-meta":"","header-main-stick-meta":"","header-below-stick-meta":"","astra-migrate-meta-layouts":"default","ast-page-background-enabled":"default","ast-page-background-meta":{"desktop":{"background-color":"var(--ast-global-color-5)","background-image":"","background-repeat":"repeat","background-position":"center center","background-size":"auto","background-attachment":"scroll","background-type":"","background-media":"","overlay-type":"","overlay-color":"","overlay-opacity":"","overlay-gradient":""},"tablet":{"background-color":"","background-image":"","background-repeat":"repeat","background-position":"center center","background-size":"auto","background-attachment":"scroll","background-type":"","background-media":"","overlay-type":"","overlay-color":"","overlay-opacity":"","overlay-gradient":""},"mobile":{"background-color":"","background-image":"","background-repeat":"repeat","background-position":"center center","background-size":"auto","background-attachment":"scroll","background-type":"","background-media":"","overlay-type":"","overlay-color":"","overlay-opacity":"","overlay-gradient":""}},"ast-content-background-meta":{"desktop":{"background-color":"var(--ast-global-color-4)","background-image":"","background-repeat":"repeat","background-position":"center center","background-size":"auto","background-attachment":"scroll","background-type":"","background-media":"","overlay-type":"","overlay-color":"","overlay-opacity":"","overlay-gradient":""},"tablet":{"background-color":"var(--ast-global-color-4)","background-image":"","background-repeat":"repeat","background-position":"center center","background-size":"auto","background-attachment":"scroll","background-type":"","background-media":"","overlay-type":"","overlay-color":"","overlay-opacity":"","overlay-gradient":""},"mobile":{"background-color":"var(--ast-global-color-4)","background-image":"","background-repeat":"repeat","background-position":"center center","background-size":"auto","background-attachment":"scroll","background-type":"","background-media":"","overlay-type":"","overlay-color":"","overlay-opacity":"","overlay-gradient":""}},"footnotes":""},"class_list":["post-77","page","type-page","status-publish","hentry"],"_links":{"self":[{"href":"https:\/\/agusmolinares.com.ar\/wp-23\/wp-json\/wp\/v2\/pages\/77","targetHints":{"allow":["GET"]}}],"collection":[{"href":"https:\/\/agusmolinares.com.ar\/wp-23\/wp-json\/wp\/v2\/pages"}],"about":[{"href":"https:\/\/agusmolinares.com.ar\/wp-23\/wp-json\/wp\/v2\/types\/page"}],"author":[{"embeddable":true,"href":"https:\/\/agusmolinares.com.ar\/wp-23\/wp-json\/wp\/v2\/users\/2"}],"replies":[{"embeddable":true,"href":"https:\/\/agusmolinares.com.ar\/wp-23\/wp-json\/wp\/v2\/comments?post=77"}],"version-history":[{"count":160,"href":"https:\/\/agusmolinares.com.ar\/wp-23\/wp-json\/wp\/v2\/pages\/77\/revisions"}],"predecessor-version":[{"id":3046,"href":"https:\/\/agusmolinares.com.ar\/wp-23\/wp-json\/wp\/v2\/pages\/77\/revisions\/3046"}],"wp:attachment":[{"href":"https:\/\/agusmolinares.com.ar\/wp-23\/wp-json\/wp\/v2\/media?parent=77"}],"curies":[{"name":"wp","href":"https:\/\/api.w.org\/{rel}","templated":true}]}}