{"id":76,"date":"2025-06-27T00:58:11","date_gmt":"2025-06-27T03:58:11","guid":{"rendered":"https:\/\/agusmolinares.com.ar\/wp-23\/?page_id=76"},"modified":"2025-11-10T19:11:16","modified_gmt":"2025-11-10T22:11:16","slug":"actividades","status":"publish","type":"page","link":"https:\/\/agusmolinares.com.ar\/wp-23\/actividades\/","title":{"rendered":"Actividades"},"content":{"rendered":"\t\t<div data-elementor-type=\"wp-page\" data-elementor-id=\"76\" class=\"elementor elementor-76\" data-elementor-post-type=\"page\">\n\t\t\t\t<div class=\"elementor-element elementor-element-6a9711d e-con-full e-flex elementor-invisible e-con e-parent\" data-id=\"6a9711d\" data-element_type=\"container\" data-settings=\"{&quot;background_background&quot;:&quot;classic&quot;,&quot;animation&quot;:&quot;fadeInDown&quot;}\">\n\t\t\t\t<div class=\"elementor-element elementor-element-3ae0739 elementor-widget elementor-widget-heading\" data-id=\"3ae0739\" data-element_type=\"widget\" data-widget_type=\"heading.default\">\n\t\t\t\t<div class=\"elementor-widget-container\">\n\t\t\t\t\t<h2 class=\"elementor-heading-title elementor-size-default\">Actividades<\/h2>\t\t\t\t<\/div>\n\t\t\t\t<\/div>\n\t\t\t\t<\/div>\n\t\t<div class=\"elementor-element elementor-element-8dad299 e-flex e-con-boxed elementor-invisible e-con e-parent\" data-id=\"8dad299\" data-element_type=\"container\" data-settings=\"{&quot;animation&quot;:&quot;fadeInLeft&quot;}\">\n\t\t\t\t\t<div class=\"e-con-inner\">\n\t\t<div class=\"elementor-element elementor-element-93865f1 e-con-full e-flex e-con e-child\" data-id=\"93865f1\" data-element_type=\"container\">\n\t\t\t\t<div class=\"elementor-element elementor-element-d505be3 elementor-widget elementor-widget-heading\" data-id=\"d505be3\" data-element_type=\"widget\" data-widget_type=\"heading.default\">\n\t\t\t\t<div class=\"elementor-widget-container\">\n\t\t\t\t\t<h2 class=\"elementor-heading-title elementor-size-default\">Jornadas Kin\u00e9sicas Estudiantiles y Conversatorios UAI<\/h2>\t\t\t\t<\/div>\n\t\t\t\t<\/div>\n\t\t\t\t<div class=\"elementor-element elementor-element-5f3c6a6 elementor-widget elementor-widget-text-editor\" data-id=\"5f3c6a6\" data-element_type=\"widget\" data-widget_type=\"text-editor.default\">\n\t\t\t\t<div class=\"elementor-widget-container\">\n\t\t\t\t\t\t\t\t\t<p><span style=\"font-weight: 400;\">Cada a\u00f1\u00f3, se desarrollan en el aula magna de la Universidad Abierta Interamericana, las <\/span><b>Jornadas Kin\u00e9sicas Estudiantiles<\/b><span style=\"font-weight: 400;\"> donde diferentes profesionales de la kinesiolog\u00eda (y de otros diversos campos de desarrollo), se acercan a la universidad para traerles a los alumnos UAI su experiencia profesional.<\/span><\/p><p><span style=\"font-weight: 400;\">Con el mismo objetivo, se realizan espacios de <\/span><b>Conversatorios <\/b><span style=\"font-weight: 400;\">donde los alumnos de la carrera pueden acceder a novedades y actualizaciones de las diversas tem\u00e1ticas y tecnolog\u00edas que hacen al crecimiento y desarrollo de la profesi\u00f3n<\/span><\/p><p><span style=\"color: #1b7d35;\">Conoc\u00e9 m\u00e1s de nuestras actividades en <a style=\"color: #1b7d35;\" href=\"https:\/\/www.instagram.com\/kinetica_uai\/\" target=\"_blank\" rel=\"noopener\">Instagram<\/a><\/span><\/p>\t\t\t\t\t\t\t\t<\/div>\n\t\t\t\t<\/div>\n\t\t\t\t<\/div>\n\t\t<div class=\"elementor-element elementor-element-cc8f7ba e-con-full e-flex e-con e-child\" data-id=\"cc8f7ba\" data-element_type=\"container\">\n\t\t\t\t<div class=\"elementor-element elementor-element-2d0c337 elementor-widget elementor-widget-image\" data-id=\"2d0c337\" data-element_type=\"widget\" data-widget_type=\"image.default\">\n\t\t\t\t<div class=\"elementor-widget-container\">\n\t\t\t\t\t\t\t\t\t\t\t\t\t\t\t<img fetchpriority=\"high\" decoding=\"async\" width=\"1024\" height=\"766\" src=\"https:\/\/agusmolinares.com.ar\/wp-23\/wp-content\/uploads\/2025\/11\/IMG_4375-scaled-e1762656719673-1024x766.jpg\" class=\"attachment-large size-large wp-image-2457\" alt=\"Jornadas Kin\u00e9sicas Estudiantiles y Conversatorios UAI\" srcset=\"https:\/\/agusmolinares.com.ar\/wp-23\/wp-content\/uploads\/2025\/11\/IMG_4375-scaled-e1762656719673-1024x766.jpg 1024w, https:\/\/agusmolinares.com.ar\/wp-23\/wp-content\/uploads\/2025\/11\/IMG_4375-scaled-e1762656719673-300x224.jpg 300w, https:\/\/agusmolinares.com.ar\/wp-23\/wp-content\/uploads\/2025\/11\/IMG_4375-scaled-e1762656719673-768x574.jpg 768w, https:\/\/agusmolinares.com.ar\/wp-23\/wp-content\/uploads\/2025\/11\/IMG_4375-scaled-e1762656719673-1536x1149.jpg 1536w, https:\/\/agusmolinares.com.ar\/wp-23\/wp-content\/uploads\/2025\/11\/IMG_4375-scaled-e1762656719673-2048x1532.jpg 2048w\" sizes=\"(max-width: 1024px) 100vw, 1024px\" \/>\t\t\t\t\t\t\t\t\t\t\t\t\t\t\t<\/div>\n\t\t\t\t<\/div>\n\t\t\t\t<\/div>\n\t\t\t\t\t<\/div>\n\t\t\t\t<\/div>\n\t\t<div class=\"elementor-element elementor-element-8e9b75e elementor-hidden-mobile e-flex e-con-boxed elementor-invisible e-con e-parent\" data-id=\"8e9b75e\" data-element_type=\"container\" data-settings=\"{&quot;animation&quot;:&quot;fadeInRight&quot;}\">\n\t\t\t\t\t<div class=\"e-con-inner\">\n\t\t<div class=\"elementor-element elementor-element-42f6869 e-con-full e-flex e-con e-child\" data-id=\"42f6869\" data-element_type=\"container\">\n\t\t\t\t<div class=\"elementor-element elementor-element-852ba31 elementor-widget elementor-widget-image\" data-id=\"852ba31\" data-element_type=\"widget\" data-widget_type=\"image.default\">\n\t\t\t\t<div class=\"elementor-widget-container\">\n\t\t\t\t\t\t\t\t\t\t\t\t\t\t\t<img decoding=\"async\" width=\"1024\" height=\"768\" src=\"https:\/\/agusmolinares.com.ar\/wp-23\/wp-content\/uploads\/2025\/11\/motion_photo_3229898420222527502-1-1024x768.jpg\" class=\"attachment-large size-large wp-image-2460\" alt=\"Participaci\u00f3n en eventos deportivos y sociales\" srcset=\"https:\/\/agusmolinares.com.ar\/wp-23\/wp-content\/uploads\/2025\/11\/motion_photo_3229898420222527502-1-1024x768.jpg 1024w, https:\/\/agusmolinares.com.ar\/wp-23\/wp-content\/uploads\/2025\/11\/motion_photo_3229898420222527502-1-300x225.jpg 300w, https:\/\/agusmolinares.com.ar\/wp-23\/wp-content\/uploads\/2025\/11\/motion_photo_3229898420222527502-1-768x576.jpg 768w, https:\/\/agusmolinares.com.ar\/wp-23\/wp-content\/uploads\/2025\/11\/motion_photo_3229898420222527502-1.jpg 1280w\" sizes=\"(max-width: 1024px) 100vw, 1024px\" \/>\t\t\t\t\t\t\t\t\t\t\t\t\t\t\t<\/div>\n\t\t\t\t<\/div>\n\t\t\t\t<\/div>\n\t\t<div class=\"elementor-element elementor-element-4f22cde e-con-full e-flex e-con e-child\" data-id=\"4f22cde\" data-element_type=\"container\">\n\t\t\t\t<div class=\"elementor-element elementor-element-d190cf5 elementor-widget elementor-widget-heading\" data-id=\"d190cf5\" data-element_type=\"widget\" data-widget_type=\"heading.default\">\n\t\t\t\t<div class=\"elementor-widget-container\">\n\t\t\t\t\t<h2 class=\"elementor-heading-title elementor-size-default\">Participaci\u00f3n en eventos deportivos y sociales<\/h2>\t\t\t\t<\/div>\n\t\t\t\t<\/div>\n\t\t\t\t<div class=\"elementor-element elementor-element-2b7df12 elementor-widget elementor-widget-text-editor\" data-id=\"2b7df12\" data-element_type=\"widget\" data-widget_type=\"text-editor.default\">\n\t\t\t\t<div class=\"elementor-widget-container\">\n\t\t\t\t\t\t\t\t\t<p><span style=\"font-weight: 400;\">Los alumnos de la carrera, a medida que desarrollan competencias profesionales, participan junto con docentes de la carrera, de eventos deportivos y\/o sociales de la ciudad con el fin de acercarse a la profesi\u00f3n.<\/span><\/p><p><span style=\"font-weight: 400;\">La participaci\u00f3n en estos espacios, no solo permiten aprender de una manera relajada fuera del aula universitaria, sino que adem\u00e1s, le permite al estudiante entrar en contacto con la sociedad toda, desenvolvi\u00e9ndose en el rol profesional de forma relajada y amena.<\/span><\/p><p><span style=\"color: #1b7d35;\">Conoc\u00e9 m\u00e1s de nuestras actividades en <a style=\"color: #1b7d35;\" href=\"https:\/\/www.instagram.com\/kinetica_uai\/\" target=\"_blank\" rel=\"noopener\">Instagram<\/a><\/span><\/p>\t\t\t\t\t\t\t\t<\/div>\n\t\t\t\t<\/div>\n\t\t\t\t<\/div>\n\t\t\t\t\t<\/div>\n\t\t\t\t<\/div>\n\t\t<div class=\"elementor-element elementor-element-2f79aaf e-flex e-con-boxed elementor-invisible e-con e-parent\" data-id=\"2f79aaf\" data-element_type=\"container\" data-settings=\"{&quot;animation&quot;:&quot;fadeInRight&quot;}\">\n\t\t\t\t\t<div class=\"e-con-inner\">\n\t\t<div class=\"elementor-element elementor-element-3169f1f e-con-full e-flex e-con e-child\" data-id=\"3169f1f\" data-element_type=\"container\">\n\t\t<div class=\"elementor-element elementor-element-eff7356 e-con-full elementor-hidden-desktop elementor-hidden-tablet e-flex e-con e-child\" data-id=\"eff7356\" data-element_type=\"container\">\n\t\t\t\t<div class=\"elementor-element elementor-element-d0e67ae elementor-widget elementor-widget-heading\" data-id=\"d0e67ae\" data-element_type=\"widget\" data-widget_type=\"heading.default\">\n\t\t\t\t<div class=\"elementor-widget-container\">\n\t\t\t\t\t<h2 class=\"elementor-heading-title elementor-size-default\">Participaci\u00f3n en eventos deportivos y sociales<\/h2>\t\t\t\t<\/div>\n\t\t\t\t<\/div>\n\t\t\t\t<div class=\"elementor-element elementor-element-8b56ad6 elementor-widget elementor-widget-text-editor\" data-id=\"8b56ad6\" data-element_type=\"widget\" data-widget_type=\"text-editor.default\">\n\t\t\t\t<div class=\"elementor-widget-container\">\n\t\t\t\t\t\t\t\t\t<p><span style=\"font-weight: 400;\">Los alumnos de la carrera, a medida que desarrollan competencias profesionales, participan junto con docentes de la carrera, de eventos deportivos y\/o sociales de la ciudad con el fin de acercarse a la profesi\u00f3n.<\/span><\/p><p><span style=\"font-weight: 400;\">La participaci\u00f3n en estos espacios, no solo permiten aprender de una manera relajada fuera del aula universitaria, sino que adem\u00e1s, le permite al estudiante entrar en contacto con la sociedad toda, desenvolvi\u00e9ndose en el rol profesional de forma relajada y amena.<\/span><\/p><p><span style=\"color: #1b7d35;\">Conoc\u00e9 m\u00e1s de nuestras actividades en <a style=\"color: #1b7d35;\" href=\"https:\/\/www.instagram.com\/kinetica_uai\/\" target=\"_blank\" rel=\"noopener\">Instagram<\/a><\/span><\/p>\t\t\t\t\t\t\t\t<\/div>\n\t\t\t\t<\/div>\n\t\t\t\t<\/div>\n\t\t\t\t<div class=\"elementor-element elementor-element-00a84ff elementor-hidden-tablet elementor-hidden-desktop elementor-widget elementor-widget-image\" data-id=\"00a84ff\" data-element_type=\"widget\" data-widget_type=\"image.default\">\n\t\t\t\t<div class=\"elementor-widget-container\">\n\t\t\t\t\t\t\t\t\t\t\t\t\t\t\t<img decoding=\"async\" width=\"1024\" height=\"768\" src=\"https:\/\/agusmolinares.com.ar\/wp-23\/wp-content\/uploads\/2025\/11\/motion_photo_3229898420222527502-1-1024x768.jpg\" class=\"attachment-large size-large wp-image-2460\" alt=\"Participaci\u00f3n en eventos deportivos y sociales\" srcset=\"https:\/\/agusmolinares.com.ar\/wp-23\/wp-content\/uploads\/2025\/11\/motion_photo_3229898420222527502-1-1024x768.jpg 1024w, https:\/\/agusmolinares.com.ar\/wp-23\/wp-content\/uploads\/2025\/11\/motion_photo_3229898420222527502-1-300x225.jpg 300w, https:\/\/agusmolinares.com.ar\/wp-23\/wp-content\/uploads\/2025\/11\/motion_photo_3229898420222527502-1-768x576.jpg 768w, https:\/\/agusmolinares.com.ar\/wp-23\/wp-content\/uploads\/2025\/11\/motion_photo_3229898420222527502-1.jpg 1280w\" sizes=\"(max-width: 1024px) 100vw, 1024px\" \/>\t\t\t\t\t\t\t\t\t\t\t\t\t\t\t<\/div>\n\t\t\t\t<\/div>\n\t\t\t\t<\/div>\n\t\t\t\t\t<\/div>\n\t\t\t\t<\/div>\n\t\t<div class=\"elementor-element elementor-element-30e2a67 elementor-hidden-desktop elementor-hidden-tablet e-flex e-con-boxed elementor-invisible e-con e-parent\" data-id=\"30e2a67\" data-element_type=\"container\" data-settings=\"{&quot;animation&quot;:&quot;fadeInRight&quot;}\">\n\t\t\t\t\t<div class=\"e-con-inner\">\n\t\t<div class=\"elementor-element elementor-element-920bed1 e-con-full e-flex e-con e-child\" data-id=\"920bed1\" data-element_type=\"container\">\n\t\t\t\t<\/div>\n\t\t\t\t\t<\/div>\n\t\t\t\t<\/div>\n\t\t\t\t<\/div>\n\t\t","protected":false},"excerpt":{"rendered":"<p>Actividades Jornadas Kin\u00e9sicas Estudiantiles y Conversatorios UAI Cada a\u00f1\u00f3, se desarrollan en el aula magna de la Universidad Abierta Interamericana, [&hellip;]<\/p>\n","protected":false},"author":2,"featured_media":0,"parent":0,"menu_order":0,"comment_status":"closed","ping_status":"closed","template":"","meta":{"site-sidebar-layout":"no-sidebar","site-content-layout":"","ast-site-content-layout":"full-width-container","site-content-style":"default","site-sidebar-style":"default","ast-global-header-display":"","ast-banner-title-visibility":"","ast-main-header-display":"","ast-hfb-above-header-display":"","ast-hfb-below-header-display":"","ast-hfb-mobile-header-display":"","site-post-title":"disabled","ast-breadcrumbs-content":"","ast-featured-img":"disabled","footer-sml-layout":"","theme-transparent-header-meta":"","adv-header-id-meta":"","stick-header-meta":"","header-above-stick-meta":"","header-main-stick-meta":"","header-below-stick-meta":"","astra-migrate-meta-layouts":"default","ast-page-background-enabled":"default","ast-page-background-meta":{"desktop":{"background-color":"var(--ast-global-color-5)","background-image":"","background-repeat":"repeat","background-position":"center center","background-size":"auto","background-attachment":"scroll","background-type":"","background-media":"","overlay-type":"","overlay-color":"","overlay-opacity":"","overlay-gradient":""},"tablet":{"background-color":"","background-image":"","background-repeat":"repeat","background-position":"center center","background-size":"auto","background-attachment":"scroll","background-type":"","background-media":"","overlay-type":"","overlay-color":"","overlay-opacity":"","overlay-gradient":""},"mobile":{"background-color":"","background-image":"","background-repeat":"repeat","background-position":"center center","background-size":"auto","background-attachment":"scroll","background-type":"","background-media":"","overlay-type":"","overlay-color":"","overlay-opacity":"","overlay-gradient":""}},"ast-content-background-meta":{"desktop":{"background-color":"var(--ast-global-color-4)","background-image":"","background-repeat":"repeat","background-position":"center center","background-size":"auto","background-attachment":"scroll","background-type":"","background-media":"","overlay-type":"","overlay-color":"","overlay-opacity":"","overlay-gradient":""},"tablet":{"background-color":"var(--ast-global-color-4)","background-image":"","background-repeat":"repeat","background-position":"center center","background-size":"auto","background-attachment":"scroll","background-type":"","background-media":"","overlay-type":"","overlay-color":"","overlay-opacity":"","overlay-gradient":""},"mobile":{"background-color":"var(--ast-global-color-4)","background-image":"","background-repeat":"repeat","background-position":"center center","background-size":"auto","background-attachment":"scroll","background-type":"","background-media":"","overlay-type":"","overlay-color":"","overlay-opacity":"","overlay-gradient":""}},"footnotes":""},"class_list":["post-76","page","type-page","status-publish","hentry"],"_links":{"self":[{"href":"https:\/\/agusmolinares.com.ar\/wp-23\/wp-json\/wp\/v2\/pages\/76","targetHints":{"allow":["GET"]}}],"collection":[{"href":"https:\/\/agusmolinares.com.ar\/wp-23\/wp-json\/wp\/v2\/pages"}],"about":[{"href":"https:\/\/agusmolinares.com.ar\/wp-23\/wp-json\/wp\/v2\/types\/page"}],"author":[{"embeddable":true,"href":"https:\/\/agusmolinares.com.ar\/wp-23\/wp-json\/wp\/v2\/users\/2"}],"replies":[{"embeddable":true,"href":"https:\/\/agusmolinares.com.ar\/wp-23\/wp-json\/wp\/v2\/comments?post=76"}],"version-history":[{"count":170,"href":"https:\/\/agusmolinares.com.ar\/wp-23\/wp-json\/wp\/v2\/pages\/76\/revisions"}],"predecessor-version":[{"id":2814,"href":"https:\/\/agusmolinares.com.ar\/wp-23\/wp-json\/wp\/v2\/pages\/76\/revisions\/2814"}],"wp:attachment":[{"href":"https:\/\/agusmolinares.com.ar\/wp-23\/wp-json\/wp\/v2\/media?parent=76"}],"curies":[{"name":"wp","href":"https:\/\/api.w.org\/{rel}","templated":true}]}}